{"id":77,"date":"2021-11-12T15:22:10","date_gmt":"2021-11-12T18:22:10","guid":{"rendered":"https:\/\/edufor.com.br\/repositorio\/?page_id=77"},"modified":"2021-11-19T16:54:28","modified_gmt":"2021-11-19T19:54:28","slug":"pagina-inicial","status":"publish","type":"page","link":"https:\/\/edufor.com.br\/repositorio\/","title":{"rendered":"Apresenta\u00e7\u00e3o"},"content":{"rendered":"\n<p>O avan\u00e7o da internet e o crescente desenvolvimento de tecnologias de informa\u00e7\u00e3o e comunica\u00e7\u00e3o vem trazendo profundas transforma\u00e7\u00f5es nos ambientes educacionais. As comunidades acad\u00eamicas t\u00eam se mostrado cada dia mais preocupadas em acompanhar tais transforma\u00e7\u00f5es a fim de se inserir nesse contexto, onde a informa\u00e7\u00e3o e o conhecimento cient\u00edfico podem ser difundidos mundialmente.<\/p>\n\n\n\n<p>A Faculdade Edufor, consciente da import\u00e2ncia de se fortalecer institucionalmente, criou o Reposit\u00f3rio Institucional, um ambiente virtual onde a dissemina\u00e7\u00e3o da informa\u00e7\u00e3o e do conhecimento cient\u00edfico pode ser amplamente difundida, por meio da disponibiliza\u00e7\u00e3o de sua produ\u00e7\u00e3o acad\u00eamica.&nbsp;<\/p>\n\n\n\n<p>O Reposit\u00f3rio Institucional, \u00e9 baseado no software Tainacan, &nbsp;uma ferramenta para cria\u00e7\u00e3o de reposit\u00f3rios de acervos digitais em&nbsp;WordPress, desenvolvido pelo N\u00facleo de Tecnologia da Informa\u00e7\u00e3o \u2013 NTI em conjunto com a Biblioteca e Coordenadores, objetivando&nbsp; facilitar o acesso \u00e0 produ\u00e7\u00e3o acad\u00eamica da Faculdade por parte da comunidade acad\u00eamica, pesquisadores e demais interessados.<\/p>\n\n\n\n<p>O Reposit\u00f3rio re\u00fane, armazena, organiza e disponibiliza, em formato digital, todos os trabalhos de conclus\u00e3o de curso apresentados \u00e0 EDUFOR, compreendendo monografias e artigos cient\u00edficos produzidos pelos graduandos e p\u00f3s-graduandos.&nbsp;As pesquisas no Reposit\u00f3rio podem ser feitas por curso, t\u00edtulo, autor, orientador e palavra-chave, entre outras.<\/p>\n\n\n\n<p>A cria\u00e7\u00e3o do reposit\u00f3rio contribui firmemente para que o conhecimento cient\u00edfico produzido esteja dispon\u00edvel e acess\u00edvel a longo prazo, al\u00e9m de colaborar para a constru\u00e7\u00e3o e preserva\u00e7\u00e3o da mem\u00f3ria institucional da Faculdade Edufor.<\/p>\n","protected":false},"excerpt":{"rendered":"<p>O avan\u00e7o da internet e o crescente desenvolvimento de tecnologias de informa\u00e7\u00e3o e comunica\u00e7\u00e3o vem trazendo profundas transforma\u00e7\u00f5es nos ambientes educacionais. As comunidades acad\u00eamicas t\u00eam se mostrado cada dia mais preocupadas em acompanhar tais transforma\u00e7\u00f5es a fim de se inserir nesse contexto, onde a informa\u00e7\u00e3o e o conhecimento cient\u00edfico podem ser difundidos mundialmente. A Faculdade [&hellip;]<\/p>\n","protected":false},"author":1,"featured_media":0,"parent":0,"menu_order":0,"comment_status":"closed","ping_status":"closed","template":"","meta":{"footnotes":""},"class_list":["post-77","page","type-page","status-publish","hentry"],"_links":{"self":[{"href":"https:\/\/edufor.com.br\/repositorio\/wp-json\/wp\/v2\/pages\/77","targetHints":{"allow":["GET"]}}],"collection":[{"href":"https:\/\/edufor.com.br\/repositorio\/wp-json\/wp\/v2\/pages"}],"about":[{"href":"https:\/\/edufor.com.br\/repositorio\/wp-json\/wp\/v2\/types\/page"}],"author":[{"embeddable":true,"href":"https:\/\/edufor.com.br\/repositorio\/wp-json\/wp\/v2\/users\/1"}],"replies":[{"embeddable":true,"href":"https:\/\/edufor.com.br\/repositorio\/wp-json\/wp\/v2\/comments?post=77"}],"version-history":[{"count":7,"href":"https:\/\/edufor.com.br\/repositorio\/wp-json\/wp\/v2\/pages\/77\/revisions"}],"predecessor-version":[{"id":819,"href":"https:\/\/edufor.com.br\/repositorio\/wp-json\/wp\/v2\/pages\/77\/revisions\/819"}],"wp:attachment":[{"href":"https:\/\/edufor.com.br\/repositorio\/wp-json\/wp\/v2\/media?parent=77"}],"curies":[{"name":"wp","href":"https:\/\/api.w.org\/{rel}","templated":true}]}}